{"id":136,"date":"2025-02-19T18:57:33","date_gmt":"2025-02-19T18:57:33","guid":{"rendered":"https:\/\/mdd-engineering.com\/?page_id=136"},"modified":"2025-06-23T17:28:11","modified_gmt":"2025-06-23T17:28:11","slug":"proiectare","status":"publish","type":"page","link":"https:\/\/mdd-engineering.com\/ro\/proiectare\/","title":{"rendered":"Proiectare"},"content":{"rendered":"<div style=\"height:100px\" aria-hidden=\"true\" class=\"wp-block-spacer\"><\/div>\n\n\n\n<div class=\"wp-block-group alignwide is-content-justification-center is-nowrap is-layout-flex wp-container-core-group-is-layout-23441af8 wp-block-group-is-layout-flex\">\n<div class=\"wp-block-cover\" style=\"padding-right:var(--wp--preset--spacing--40);padding-left:var(--wp--preset--spacing--40);min-height:800px;aspect-ratio:unset;\"><img loading=\"lazy\" decoding=\"async\" width=\"1024\" height=\"576\" class=\"wp-block-cover__image-background wp-image-187\" alt=\"\" src=\"https:\/\/mdd-engineering.com\/wp-content\/uploads\/2025\/03\/2-1-1024x576.png\" style=\"object-position:50% 50%\" data-object-fit=\"cover\" data-object-position=\"50% 50%\" srcset=\"https:\/\/mdd-engineering.com\/wp-content\/uploads\/2025\/03\/2-1-1024x576.png 1024w, https:\/\/mdd-engineering.com\/wp-content\/uploads\/2025\/03\/2-1-300x169.png 300w, https:\/\/mdd-engineering.com\/wp-content\/uploads\/2025\/03\/2-1-768x432.png 768w, https:\/\/mdd-engineering.com\/wp-content\/uploads\/2025\/03\/2-1-18x10.png 18w, https:\/\/mdd-engineering.com\/wp-content\/uploads\/2025\/03\/2-1.png 1048w\" sizes=\"auto, (max-width: 1024px) 100vw, 1024px\" \/><span aria-hidden=\"true\" class=\"wp-block-cover__background has-accent-2-background-color has-background-dim\"><\/span><div class=\"wp-block-cover__inner-container is-layout-flow wp-container-core-cover-is-layout-9a3ad81b wp-block-cover-is-layout-flow\">\n<h2 class=\"wp-block-heading\"><strong>Proiectare<\/strong><\/h2>\n\n\n\n<p class=\"has-text-align-left has-large-font-size\">Ne asum\u0103m responsabilitatea de a gestiona ca si contractori externi sarcinile de proiectare, fiind pe deplin con\u0219tien\u021bi de faptul c\u0103 acesta este un factor cheie de succes pentru clien\u021bii no\u0219tri. Prin urmare, fiecare proiect prime\u0219te amprenta pasiunii noastre pentru excelen\u021b\u0103, claritate \u0219i eficien\u021b\u0103 documentat\u0103 \u00eentr-un set complet de modele 3D detaliate, desene 2D, calcule inginere\u0219ti, liste de materiale, fi\u0219e tehnice \u0219i bugete preliminare.<\/p>\n\n\n\n<p>Fiind pe deplin con\u0219tien\u021bi de importan\u021ba duratei \u0219i termenelor limit\u0103, oferim \u00eempreun\u0103 cu toate cunostintele si expertiza acumulate, o capacitate de lucru flexibil\u0103 care acoper\u0103 domeniile de inginerie mecanic\u0103 \u0219i hidraulic\u0103 precum \u0219i capacitatea de a ne adapta rapid la fluxul de proces \u0219i instruc\u021biunile de lucru ale clientului. In plus, prin intermediul colaboratorilor terti, pachetul de servicii este extins incluzand servicii legate de proiectare electrica si automatizari.<\/p>\n\n\n\n<p class=\"has-text-align-left has-large-font-size\">Ne concentr\u0103m pe solu\u021bii de acces, logistic\u0103 \u0219i depozitare, dar ne ocup\u0103m de alte sarcini, cum ar fi dispozitive de sudur\u0103 \u0219i dispozitive de prelucrare, masini si echipamente cu ac\u021bionare hidraulic\u0103 sau pneumatic\u0103. <\/p>\n\n\n\n<p class=\"has-text-align-left has-large-font-size\">Principalele instrumente sunt SOLIDWORKS Professional (pentru proiectare de detaliu) \u0219i AUTOCAD LT (pentru machete \u0219i diagrame schematice), pe l\u00e2ng\u0103 gestionarea complet\u0103 a documentelor folosind serviciile cloud Microsoft 365, fiecare client beneficiind de spatiu de stocare gratuit a tuturor documentelor si informatiilor relevante pentru proiectele in curs, pe intreaga derulare a acestora.<\/p>\n\n\n\n<h2 class=\"wp-block-heading\"><strong>Proiecte recente<\/strong><\/h2>\n\n\n\n<h2 class=\"wp-block-heading has-large-font-size\"><strong>2022 &#8211; 2024, <strong>AIR-TECH INNOVATIONS LTD<\/strong><\/strong><\/h2>\n\n\n\n<ul class=\"wp-block-list\">\n<li>Proiectare de masini si echipamente destinate spatiilor logistice aeroportuare<\/li>\n\n\n\n<li>Suport pentru optimizarea lantului de aprovizionare<\/li>\n<\/ul>\n\n\n\n<h2 class=\"wp-block-heading has-large-font-size\"><strong>2024 \u2013 2025, <strong>SWISSPORT INTERNATIONAL AG<\/strong><\/strong><\/h2>\n\n\n\n<ul class=\"wp-block-list\">\n<li>Realizarea planurilor de amplasare pentru sisteme de transport si stocare in spatiile logistice din aeroporturi<\/li>\n\n\n\n<li>Realizarea planurilor de arhitectura pentru ateliere de mentenanta<\/li>\n<\/ul>\n\n\n\n<h2 class=\"wp-block-heading has-large-font-size\">2<strong>024 &#8211; 2025, <strong>DIMA INNOVATIVE ENGINEERING CORP<\/strong><\/strong><\/h2>\n\n\n\n<ul class=\"wp-block-list\">\n<li>Planuri de amplasament pentru linii de ambalare a produselor lungi din aluminiu<\/li>\n<\/ul>\n\n\n\n<h2 class=\"wp-block-heading has-large-font-size\"><strong>2025, <strong>HUGHES SAFETY SHOWERS LTD<\/strong><\/strong><\/h2>\n\n\n\n<ul class=\"wp-block-list\">\n<li>Proiectare si optimizarea fabricatiei de structurilor metalice<\/li>\n<\/ul>\n\n\n\n<div style=\"height:34px\" aria-hidden=\"true\" class=\"wp-block-spacer\"><\/div>\n<\/div><\/div>\n<\/div>\n\n\n\n<figure class=\"wp-block-image size-full is-resized\"><img loading=\"lazy\" decoding=\"async\" width=\"1024\" height=\"1024\" src=\"https:\/\/mdd-engineering.com\/wp-content\/uploads\/2025\/06\/services.jpg\" alt=\"\" class=\"wp-image-296\" style=\"width:603px;height:auto\" srcset=\"https:\/\/mdd-engineering.com\/wp-content\/uploads\/2025\/06\/services.jpg 1024w, https:\/\/mdd-engineering.com\/wp-content\/uploads\/2025\/06\/services-300x300.jpg 300w, https:\/\/mdd-engineering.com\/wp-content\/uploads\/2025\/06\/services-150x150.jpg 150w, https:\/\/mdd-engineering.com\/wp-content\/uploads\/2025\/06\/services-768x768.jpg 768w, https:\/\/mdd-engineering.com\/wp-content\/uploads\/2025\/06\/services-12x12.jpg 12w\" sizes=\"auto, (max-width: 1024px) 100vw, 1024px\" \/><\/figure>\n\n\n\n<div style=\"height:100px\" aria-hidden=\"true\" class=\"wp-block-spacer\"><\/div>\n\n\n\n<h2 class=\"wp-block-heading alignwide has-x-large-font-size\"><strong>VEDERE DE ANSAMBLU ASUPRA SERVICIILOR DE INGINERIE<\/strong><\/h2>\n\n\n\n<p class=\"has-large-font-size\"><strong>PROIECTARE MECANICA SI HIDRAULICA<\/strong><\/p>\n\n\n\n<ul class=\"wp-block-list\">\n<li><strong>Proiectare de detaliu<\/strong>\n<ul class=\"wp-block-list\">\n<li>Modelare 3D si desenare 2D<\/li>\n\n\n\n<li>Desene si intructiuni pentru fabricatie<\/li>\n\n\n\n<li>Scheme si diagrame de instrumentatie<\/li>\n<\/ul>\n<\/li>\n\n\n\n<li><strong>Calcule ingineresti<\/strong>\n<ul class=\"wp-block-list\">\n<li>Calcule privind organele de masini<\/li>\n\n\n\n<li>Calcule structurale<\/li>\n\n\n\n<li>Verificarea conformitatii<\/li>\n<\/ul>\n<\/li>\n\n\n\n<li><strong>Analiza cu elemete finite (FEA)<\/strong>\n<ul class=\"wp-block-list\">\n<li>Analiza eforturilor structurale si a deformatiilor<\/li>\n\n\n\n<li>Optimizarea proiectului pentru performanta si siguranta<\/li>\n<\/ul>\n<\/li>\n<\/ul>\n\n\n\n<h2 class=\"wp-block-heading has-large-font-size\"><strong>SUPORT PENTRU FABRICATIE<\/strong><\/h2>\n\n\n\n<ul class=\"wp-block-list\">\n<li><strong>Inginerie inversa\/ desene de releveu<\/strong>\n<ul class=\"wp-block-list\">\n<li>Capturing design from existing parts<\/li>\n\n\n\n<li>Documenting field modifications<\/li>\n<\/ul>\n<\/li>\n\n\n\n<li><strong>Conversia documentelor<\/strong>\n<ul class=\"wp-block-list\">\n<li>Transpunere in format CAD<\/li>\n\n\n\n<li>Transferul documentatiei intre platforme diferite<\/li>\n\n\n\n<li>Armonizarea documentatiei cu standardele de desenare<\/li>\n<\/ul>\n<\/li>\n<\/ul>\n\n\n\n<h2 class=\"wp-block-heading has-large-font-size\"><strong>INGINERIA VALORII<\/strong><\/h2>\n\n\n\n<ul class=\"wp-block-list\">\n<li><strong>Conceptualizare<\/strong>\n<ul class=\"wp-block-list\">\n<li>Analiza fezabilitatii si a intentie proiectului<\/li>\n\n\n\n<li>Studiul optiunilor alternative<\/li>\n<\/ul>\n<\/li>\n\n\n\n<li><strong>Studiul variantelor de reducere a costului<\/strong>\n<ul class=\"wp-block-list\">\n<li>Identificarea ineficientelor<\/li>\n\n\n\n<li>Optimizarea materialelor si a proceselor de fabricatie<\/li>\n<\/ul>\n<\/li>\n\n\n\n<li><strong>Optimizarea functiilor<\/strong>\n<ul class=\"wp-block-list\">\n<li>Simplificarea sistemelor si a mecanismelor<\/li>\n\n\n\n<li>Asigurarea utilizarii eficiente a spatiilor si energiei<\/li>\n\n\n\n<li>Imbunatatirea fiabilitatii si a mentenabilitatii<\/li>\n<\/ul>\n<\/li>\n<\/ul>\n\n\n\n<div class=\"wp-block-group alignwide is-content-justification-center is-nowrap is-layout-flex wp-container-core-group-is-layout-23441af8 wp-block-group-is-layout-flex\"><\/div>\n\n\n\n<div style=\"height:100px\" aria-hidden=\"true\" class=\"wp-block-spacer\"><\/div>","protected":false},"excerpt":{"rendered":"<p>ENGINEERING SERVICES OVERVIEW MECHANICAL AND HYDRAULIC DESIGN SUPPORT FOR FABRICATION VALUE ENGINEERING<\/p>","protected":false},"author":2,"featured_media":296,"parent":0,"menu_order":0,"comment_status":"closed","ping_status":"closed","template":"page-no-title","meta":{"footnotes":""},"class_list":["post-136","page","type-page","status-publish","has-post-thumbnail","hentry"],"_links":{"self":[{"href":"https:\/\/mdd-engineering.com\/ro\/wp-json\/wp\/v2\/pages\/136","targetHints":{"allow":["GET"]}}],"collection":[{"href":"https:\/\/mdd-engineering.com\/ro\/wp-json\/wp\/v2\/pages"}],"about":[{"href":"https:\/\/mdd-engineering.com\/ro\/wp-json\/wp\/v2\/types\/page"}],"author":[{"embeddable":true,"href":"https:\/\/mdd-engineering.com\/ro\/wp-json\/wp\/v2\/users\/2"}],"replies":[{"embeddable":true,"href":"https:\/\/mdd-engineering.com\/ro\/wp-json\/wp\/v2\/comments?post=136"}],"version-history":[{"count":23,"href":"https:\/\/mdd-engineering.com\/ro\/wp-json\/wp\/v2\/pages\/136\/revisions"}],"predecessor-version":[{"id":305,"href":"https:\/\/mdd-engineering.com\/ro\/wp-json\/wp\/v2\/pages\/136\/revisions\/305"}],"wp:featuredmedia":[{"embeddable":true,"href":"https:\/\/mdd-engineering.com\/ro\/wp-json\/wp\/v2\/media\/296"}],"wp:attachment":[{"href":"https:\/\/mdd-engineering.com\/ro\/wp-json\/wp\/v2\/media?parent=136"}],"curies":[{"name":"wp","href":"https:\/\/api.w.org\/{rel}","templated":true}]}}