{"id":143,"date":"2025-02-19T19:01:27","date_gmt":"2025-02-19T19:01:27","guid":{"rendered":"https:\/\/mdd-engineering.com\/?page_id=143"},"modified":"2025-06-23T17:28:52","modified_gmt":"2025-06-23T17:28:52","slug":"production-engineering-and-manufacturing-support","status":"publish","type":"page","link":"https:\/\/mdd-engineering.com\/ro\/production-engineering-and-manufacturing-support\/","title":{"rendered":"Ingineria productiei si suport pentru fabricatie"},"content":{"rendered":"<div style=\"height:100px\" aria-hidden=\"true\" class=\"wp-block-spacer\"><\/div>\n\n\n\n<div class=\"wp-block-group alignwide is-content-justification-center is-nowrap is-layout-flex wp-container-core-group-is-layout-23441af8 wp-block-group-is-layout-flex\">\n<div class=\"wp-block-cover alignwide\"><img loading=\"lazy\" decoding=\"async\" width=\"1024\" height=\"768\" class=\"wp-block-cover__image-background wp-image-192\" alt=\"\" src=\"https:\/\/mdd-engineering.com\/wp-content\/uploads\/2025\/03\/3-1024x768.png\" data-object-fit=\"cover\" srcset=\"https:\/\/mdd-engineering.com\/wp-content\/uploads\/2025\/03\/3-1024x768.png 1024w, https:\/\/mdd-engineering.com\/wp-content\/uploads\/2025\/03\/3-300x225.png 300w, https:\/\/mdd-engineering.com\/wp-content\/uploads\/2025\/03\/3-768x576.png 768w, https:\/\/mdd-engineering.com\/wp-content\/uploads\/2025\/03\/3-1536x1153.png 1536w, https:\/\/mdd-engineering.com\/wp-content\/uploads\/2025\/03\/3-2048x1537.png 2048w, https:\/\/mdd-engineering.com\/wp-content\/uploads\/2025\/03\/3-16x12.png 16w\" sizes=\"auto, (max-width: 1024px) 100vw, 1024px\" \/><span aria-hidden=\"true\" class=\"wp-block-cover__background has-accent-3-background-color has-background-dim-70 has-background-dim\"><\/span><div class=\"wp-block-cover__inner-container is-layout-flow wp-block-cover-is-layout-flow\">\n<h2 class=\"wp-block-heading\"><strong>Ingineria productiei si suport pentru fabricatie<\/strong><\/h2>\n\n\n\n<p class=\"has-large-font-size\"><strong>Preg\u0103tirea instruc\u021biunilor de lucru clare \u0219i a fluxurilor de proces este o sarcin\u0103 care necesit\u0103 cuno\u0219tin\u021be aprofundate despre procesele de fabrica\u021bie, capacitatea de a identifica de\u0219eurile de proces \u0219i riscurile de siguran\u021b\u0103 care apar \u00een lumea real\u0103 a atelierelor de produc\u021bie. Asigurarea bunei desf\u0103\u0219ur\u0103ri a procesului de produc\u021bie necesit\u0103 revizuirea permanent\u0103 a componentelor timpului de ciclu: timp cu valoare ad\u0103ugat\u0103, timp f\u0103r\u0103 valoare ad\u0103ugat\u0103 (timp pierdut) \u0219i timp f\u0103r\u0103 valoare necesar.<\/strong><\/p>\n\n\n\n<p><strong>Oferim clien\u021bilor no\u0219tri servicii de mapare a proceselor prin observare direct\u0103, \u00eenregistrare \u0219i sintez\u0103 a datelor \u0219i oportunitatea unic\u0103 de a ob\u021bine o alt\u0103 perspectiv\u0103 asupra proceselor de produc\u021bie, precum \u0219i o alternativ\u0103 coerent\u0103 pentru eliminarea pierderilor din procese \u0219i, \u00een consecin\u021b\u0103, reducerea costurilor, cre\u0219terea productivit\u0103\u021bii \u0219i a profitului.<\/strong><\/p>\n\n\n\n<p><strong>Realiz\u0103ri recente<\/strong><\/p>\n\n\n\n<p><strong>2023, SKB PROD SYSTEMS S.R.L.<\/strong><\/p>\n\n\n\n<ul class=\"wp-block-list\">\n<li><strong>Definirea cu succes a procesului de fabrica\u021bie a cadrelor principale ale \u00eenc\u0103rc\u0103torului telescopic, \u00een care ac\u021biunile cheie au fost legate de cartografierea procesului, colectarea \u0219i analiza datelor m\u0103surate \u0219i corectarea secven\u021belor de fabrica\u021bie, \u00eempreun\u0103 cu reproiectarea dispozitivelor de sudare. Urmat de cre\u0219terea produc\u021biei pentru a se potrivi cerin\u021belor TAKT TIME.<\/strong><\/li>\n<\/ul>\n<\/div><\/div>\n<\/div>\n\n\n\n<div style=\"height:100px\" aria-hidden=\"true\" class=\"wp-block-spacer\"><\/div>\n\n\n\n<div class=\"wp-block-columns alignwide is-layout-flex wp-container-core-columns-is-layout-28f84493 wp-block-columns-is-layout-flex\">\n<div class=\"wp-block-column is-layout-flow wp-block-column-is-layout-flow\">\n<figure class=\"wp-block-image size-full is-resized has-custom-border\"><img loading=\"lazy\" decoding=\"async\" width=\"635\" height=\"357\" src=\"https:\/\/mdd-engineering.com\/wp-content\/uploads\/2025\/03\/4.png\" alt=\"\" class=\"wp-image-198\" style=\"border-width:3px;border-radius:10px;width:543px;height:auto\" srcset=\"https:\/\/mdd-engineering.com\/wp-content\/uploads\/2025\/03\/4.png 635w, https:\/\/mdd-engineering.com\/wp-content\/uploads\/2025\/03\/4-300x169.png 300w, https:\/\/mdd-engineering.com\/wp-content\/uploads\/2025\/03\/4-18x10.png 18w\" sizes=\"auto, (max-width: 635px) 100vw, 635px\" \/><\/figure>\n<\/div>\n\n\n\n<div class=\"wp-block-column is-layout-flow wp-block-column-is-layout-flow\">\n<figure class=\"wp-block-image alignright size-full is-resized has-custom-border\"><img loading=\"lazy\" decoding=\"async\" width=\"402\" height=\"402\" src=\"https:\/\/mdd-engineering.com\/wp-content\/uploads\/2025\/03\/5.png\" alt=\"\" class=\"wp-image-197\" style=\"border-width:3px;border-radius:10px;width:304px;height:auto\" srcset=\"https:\/\/mdd-engineering.com\/wp-content\/uploads\/2025\/03\/5.png 402w, https:\/\/mdd-engineering.com\/wp-content\/uploads\/2025\/03\/5-300x300.png 300w, https:\/\/mdd-engineering.com\/wp-content\/uploads\/2025\/03\/5-150x150.png 150w, https:\/\/mdd-engineering.com\/wp-content\/uploads\/2025\/03\/5-12x12.png 12w\" sizes=\"auto, (max-width: 402px) 100vw, 402px\" \/><\/figure>\n<\/div>\n<\/div>\n\n\n\n<div style=\"height:100px\" aria-hidden=\"true\" class=\"wp-block-spacer\"><\/div>\n\n\n\n<div class=\"wp-block-group alignwide is-nowrap is-layout-flex wp-container-core-group-is-layout-6c531013 wp-block-group-is-layout-flex\">\n<p><strong>2022, WORLDWIDE GAS S.R.L.<\/strong><\/p>\n<\/div>\n\n\n\n<div class=\"wp-block-group alignwide is-nowrap is-layout-flex wp-container-core-group-is-layout-6c531013 wp-block-group-is-layout-flex\">\n<ul class=\"wp-block-list\">\n<li><strong>Definirea liniei de productie de umplere a gazelor, generand proceduri standard de operare referindu-se la solutii de manipulare si depozitare pentru butelii umplute<\/strong><\/li>\n\n\n\n<li><strong>Crearea premiselor pentru lansarea produc\u021biei av\u00e2nd \u00een vedere Regulamentul european privind siguran\u021ba opera\u021biunilor (f\u0103r\u0103 oxigen, risc de explozie) cu sticle sub presiune.<\/strong><\/li>\n<\/ul>\n<\/div>\n\n\n\n<div style=\"height:100px\" aria-hidden=\"true\" class=\"wp-block-spacer\"><\/div>\n\n\n\n<div class=\"wp-block-group alignwide is-content-justification-center is-nowrap is-layout-flex wp-container-core-group-is-layout-23441af8 wp-block-group-is-layout-flex\">\n<div class=\"wp-block-columns are-vertically-aligned-center is-layout-flex wp-container-core-columns-is-layout-28f84493 wp-block-columns-is-layout-flex\">\n<div class=\"wp-block-column is-vertically-aligned-center is-layout-flow wp-block-column-is-layout-flow\" style=\"padding-right:var(--wp--preset--spacing--50);padding-left:var(--wp--preset--spacing--50)\">\n<div class=\"wp-block-group alignwide is-content-justification-center is-nowrap is-layout-flex wp-container-core-group-is-layout-23441af8 wp-block-group-is-layout-flex\">\n<figure class=\"wp-block-image size-full is-resized has-custom-border\"><img loading=\"lazy\" decoding=\"async\" width=\"492\" height=\"369\" src=\"https:\/\/mdd-engineering.com\/wp-content\/uploads\/2025\/03\/Hala1.jpg\" alt=\"\" class=\"wp-image-209\" style=\"border-width:3px;border-top-left-radius:100px;width:317px;height:auto\" srcset=\"https:\/\/mdd-engineering.com\/wp-content\/uploads\/2025\/03\/Hala1.jpg 492w, https:\/\/mdd-engineering.com\/wp-content\/uploads\/2025\/03\/Hala1-300x225.jpg 300w, https:\/\/mdd-engineering.com\/wp-content\/uploads\/2025\/03\/Hala1-16x12.jpg 16w\" sizes=\"auto, (max-width: 492px) 100vw, 492px\" \/><\/figure>\n\n\n\n<figure class=\"wp-block-image size-full is-resized has-custom-border\"><img loading=\"lazy\" decoding=\"async\" width=\"419\" height=\"315\" src=\"https:\/\/mdd-engineering.com\/wp-content\/uploads\/2025\/03\/Hala2.jpg\" alt=\"\" class=\"wp-image-208\" style=\"border-width:3px;border-top-right-radius:100px;width:315px;height:auto\" srcset=\"https:\/\/mdd-engineering.com\/wp-content\/uploads\/2025\/03\/Hala2.jpg 419w, https:\/\/mdd-engineering.com\/wp-content\/uploads\/2025\/03\/Hala2-300x226.jpg 300w, https:\/\/mdd-engineering.com\/wp-content\/uploads\/2025\/03\/Hala2-16x12.jpg 16w\" sizes=\"auto, (max-width: 419px) 100vw, 419px\" \/><\/figure>\n<\/div>\n\n\n\n<div class=\"wp-block-group alignwide is-content-justification-center is-nowrap is-layout-flex wp-container-core-group-is-layout-23441af8 wp-block-group-is-layout-flex\">\n<figure class=\"wp-block-image size-full is-resized has-custom-border\"><img loading=\"lazy\" decoding=\"async\" width=\"574\" height=\"431\" src=\"https:\/\/mdd-engineering.com\/wp-content\/uploads\/2025\/03\/Hala3.jpg\" alt=\"\" class=\"wp-image-207\" style=\"border-width:3px;border-bottom-left-radius:100px;width:406px;height:auto\" srcset=\"https:\/\/mdd-engineering.com\/wp-content\/uploads\/2025\/03\/Hala3.jpg 574w, https:\/\/mdd-engineering.com\/wp-content\/uploads\/2025\/03\/Hala3-300x225.jpg 300w, https:\/\/mdd-engineering.com\/wp-content\/uploads\/2025\/03\/Hala3-16x12.jpg 16w\" sizes=\"auto, (max-width: 574px) 100vw, 574px\" \/><\/figure>\n\n\n\n<figure class=\"wp-block-image size-full is-resized has-custom-border\"><img loading=\"lazy\" decoding=\"async\" width=\"422\" height=\"563\" src=\"https:\/\/mdd-engineering.com\/wp-content\/uploads\/2025\/03\/Hala4.jpg\" alt=\"\" class=\"wp-image-206\" style=\"border-width:3px;border-bottom-right-radius:100px;width:228px;height:auto\" srcset=\"https:\/\/mdd-engineering.com\/wp-content\/uploads\/2025\/03\/Hala4.jpg 422w, https:\/\/mdd-engineering.com\/wp-content\/uploads\/2025\/03\/Hala4-225x300.jpg 225w, https:\/\/mdd-engineering.com\/wp-content\/uploads\/2025\/03\/Hala4-9x12.jpg 9w\" sizes=\"auto, (max-width: 422px) 100vw, 422px\" \/><\/figure>\n<\/div>\n<\/div>\n\n\n\n<div class=\"wp-block-column is-vertically-aligned-center is-layout-flow wp-block-column-is-layout-flow\" style=\"padding-right:var(--wp--preset--spacing--50);padding-left:var(--wp--preset--spacing--50)\">\n<div class=\"wp-block-group alignwide is-content-justification-center is-nowrap is-layout-flex wp-container-core-group-is-layout-23441af8 wp-block-group-is-layout-flex\">\n<figure class=\"wp-block-image size-full is-resized has-custom-border\"><img loading=\"lazy\" decoding=\"async\" width=\"277\" height=\"545\" src=\"https:\/\/mdd-engineering.com\/wp-content\/uploads\/2025\/03\/Hala5.jpg\" alt=\"\" class=\"wp-image-205\" style=\"border-width:3px;border-top-left-radius:100px;width:227px;height:auto\" srcset=\"https:\/\/mdd-engineering.com\/wp-content\/uploads\/2025\/03\/Hala5.jpg 277w, https:\/\/mdd-engineering.com\/wp-content\/uploads\/2025\/03\/Hala5-152x300.jpg 152w, https:\/\/mdd-engineering.com\/wp-content\/uploads\/2025\/03\/Hala5-6x12.jpg 6w\" sizes=\"auto, (max-width: 277px) 100vw, 277px\" \/><\/figure>\n\n\n\n<figure class=\"wp-block-image size-full is-resized has-custom-border\"><img loading=\"lazy\" decoding=\"async\" width=\"397\" height=\"707\" src=\"https:\/\/mdd-engineering.com\/wp-content\/uploads\/2025\/03\/Hala7.jpg\" alt=\"\" class=\"wp-image-203\" style=\"border-width:3px;border-top-right-radius:100px;width:251px;height:auto\" srcset=\"https:\/\/mdd-engineering.com\/wp-content\/uploads\/2025\/03\/Hala7.jpg 397w, https:\/\/mdd-engineering.com\/wp-content\/uploads\/2025\/03\/Hala7-168x300.jpg 168w, https:\/\/mdd-engineering.com\/wp-content\/uploads\/2025\/03\/Hala7-7x12.jpg 7w\" sizes=\"auto, (max-width: 397px) 100vw, 397px\" \/><\/figure>\n<\/div>\n\n\n\n<div class=\"wp-block-group alignwide is-content-justification-center is-nowrap is-layout-flex wp-container-core-group-is-layout-23441af8 wp-block-group-is-layout-flex\">\n<figure class=\"wp-block-image size-full is-resized has-custom-border\"><img loading=\"lazy\" decoding=\"async\" width=\"841\" height=\"631\" src=\"https:\/\/mdd-engineering.com\/wp-content\/uploads\/2025\/03\/Hala6.jpg\" alt=\"\" class=\"wp-image-204\" style=\"border-width:3px;border-bottom-left-radius:100px;border-bottom-right-radius:100px;width:497px;height:auto\" srcset=\"https:\/\/mdd-engineering.com\/wp-content\/uploads\/2025\/03\/Hala6.jpg 841w, https:\/\/mdd-engineering.com\/wp-content\/uploads\/2025\/03\/Hala6-300x225.jpg 300w, https:\/\/mdd-engineering.com\/wp-content\/uploads\/2025\/03\/Hala6-768x576.jpg 768w, https:\/\/mdd-engineering.com\/wp-content\/uploads\/2025\/03\/Hala6-16x12.jpg 16w\" sizes=\"auto, (max-width: 841px) 100vw, 841px\" \/><\/figure>\n<\/div>\n<\/div>\n<\/div>\n<\/div>\n\n\n\n<div style=\"height:100px\" aria-hidden=\"true\" class=\"wp-block-spacer\"><\/div>\n\n\n\n<div class=\"wp-block-group alignwide is-content-justification-center is-nowrap is-layout-flex wp-container-core-group-is-layout-23441af8 wp-block-group-is-layout-flex\">\n<div class=\"wp-block-columns is-layout-flex wp-container-core-columns-is-layout-28f84493 wp-block-columns-is-layout-flex\">\n<div class=\"wp-block-column is-vertically-aligned-center is-layout-flow wp-block-column-is-layout-flow\" style=\"flex-basis:79.7%\">\n<figure class=\"wp-block-image size-full\"><img loading=\"lazy\" decoding=\"async\" width=\"2375\" height=\"1754\" src=\"https:\/\/mdd-engineering.com\/wp-content\/uploads\/2025\/03\/8.png\" alt=\"\" class=\"wp-image-218\" srcset=\"https:\/\/mdd-engineering.com\/wp-content\/uploads\/2025\/03\/8.png 2375w, https:\/\/mdd-engineering.com\/wp-content\/uploads\/2025\/03\/8-300x222.png 300w, https:\/\/mdd-engineering.com\/wp-content\/uploads\/2025\/03\/8-1024x756.png 1024w, https:\/\/mdd-engineering.com\/wp-content\/uploads\/2025\/03\/8-768x567.png 768w, https:\/\/mdd-engineering.com\/wp-content\/uploads\/2025\/03\/8-1536x1134.png 1536w, https:\/\/mdd-engineering.com\/wp-content\/uploads\/2025\/03\/8-2048x1513.png 2048w, https:\/\/mdd-engineering.com\/wp-content\/uploads\/2025\/03\/8-16x12.png 16w\" sizes=\"auto, (max-width: 2375px) 100vw, 2375px\" \/><\/figure>\n<\/div>\n\n\n\n<div class=\"wp-block-column is-vertically-aligned-center is-layout-flow wp-block-column-is-layout-flow\">\n<p>Piatra noastr\u0103 de temelie \u00een \u00eembun\u0103t\u0103\u021birea proceselor este munca \u00een echip\u0103 \u0219i implicarea echipei interfunc\u021bionale \u0219i observarea continu\u0103 a impactului KATA de produc\u021bie LEAN asupra eficien\u021bei opera\u021biunilor \u0219i satisfac\u021biei p\u0103r\u021bilor interesate.<\/p>\n\n\n\n<p>Plimb\u0103rile GEMBA, evenimentele regulate KAIZEN pentru revizuirea fluxurilor de valoare \u0219i monitorizarea constant\u0103 a indicatorilor cheie de performan\u021b\u0103 fac parte din activit\u0103\u021bile noastre zilnice.<\/p>\n\n\n\n<div class=\"wp-block-group is-vertical is-content-justification-center is-layout-flex wp-container-core-group-is-layout-ce155fab wp-block-group-is-layout-flex\">\n<figure class=\"wp-block-image size-full is-resized has-custom-border\"><img loading=\"lazy\" decoding=\"async\" width=\"417\" height=\"408\" src=\"https:\/\/mdd-engineering.com\/wp-content\/uploads\/2025\/03\/7.png\" alt=\"\" class=\"wp-image-216\" style=\"border-width:3px;border-radius:10px;width:221px;height:auto\" srcset=\"https:\/\/mdd-engineering.com\/wp-content\/uploads\/2025\/03\/7.png 417w, https:\/\/mdd-engineering.com\/wp-content\/uploads\/2025\/03\/7-300x294.png 300w, https:\/\/mdd-engineering.com\/wp-content\/uploads\/2025\/03\/7-12x12.png 12w\" sizes=\"auto, (max-width: 417px) 100vw, 417px\" \/><\/figure>\n\n\n\n<figure class=\"wp-block-image size-full is-resized has-custom-border\"><img loading=\"lazy\" decoding=\"async\" width=\"666\" height=\"699\" src=\"https:\/\/mdd-engineering.com\/wp-content\/uploads\/2025\/03\/8-1.jpg\" alt=\"\" class=\"wp-image-219\" style=\"border-width:3px;border-radius:10px;width:214px;height:auto\" srcset=\"https:\/\/mdd-engineering.com\/wp-content\/uploads\/2025\/03\/8-1.jpg 666w, https:\/\/mdd-engineering.com\/wp-content\/uploads\/2025\/03\/8-1-286x300.jpg 286w, https:\/\/mdd-engineering.com\/wp-content\/uploads\/2025\/03\/8-1-11x12.jpg 11w\" sizes=\"auto, (max-width: 666px) 100vw, 666px\" \/><\/figure>\n<\/div>\n<\/div>\n<\/div>\n<\/div>\n\n\n\n<div style=\"height:100px\" aria-hidden=\"true\" class=\"wp-block-spacer\"><\/div>\n\n\n\n<div class=\"wp-block-group alignwide is-content-justification-center is-nowrap is-layout-flex wp-container-core-group-is-layout-23441af8 wp-block-group-is-layout-flex\">\n<figure class=\"wp-block-image size-full is-resized has-custom-border\"><img loading=\"lazy\" decoding=\"async\" width=\"513\" height=\"445\" src=\"https:\/\/mdd-engineering.com\/wp-content\/uploads\/2025\/03\/10.jpg\" alt=\"\" class=\"wp-image-223\" style=\"border-width:3px;border-top-left-radius:100px;width:432px;height:auto\" srcset=\"https:\/\/mdd-engineering.com\/wp-content\/uploads\/2025\/03\/10.jpg 513w, https:\/\/mdd-engineering.com\/wp-content\/uploads\/2025\/03\/10-300x260.jpg 300w, https:\/\/mdd-engineering.com\/wp-content\/uploads\/2025\/03\/10-14x12.jpg 14w\" sizes=\"auto, (max-width: 513px) 100vw, 513px\" \/><\/figure>\n\n\n\n<figure class=\"wp-block-image size-full is-resized has-custom-border\"><img loading=\"lazy\" decoding=\"async\" width=\"840\" height=\"662\" src=\"https:\/\/mdd-engineering.com\/wp-content\/uploads\/2025\/03\/11.jpg\" alt=\"\" class=\"wp-image-224\" style=\"border-width:3px;border-top-right-radius:100px;width:473px;height:auto\" srcset=\"https:\/\/mdd-engineering.com\/wp-content\/uploads\/2025\/03\/11.jpg 840w, https:\/\/mdd-engineering.com\/wp-content\/uploads\/2025\/03\/11-300x236.jpg 300w, https:\/\/mdd-engineering.com\/wp-content\/uploads\/2025\/03\/11-768x605.jpg 768w, https:\/\/mdd-engineering.com\/wp-content\/uploads\/2025\/03\/11-15x12.jpg 15w\" sizes=\"auto, (max-width: 840px) 100vw, 840px\" \/><\/figure>\n<\/div>\n\n\n\n<div class=\"wp-block-group alignwide is-content-justification-center is-nowrap is-layout-flex wp-container-core-group-is-layout-23441af8 wp-block-group-is-layout-flex\">\n<figure class=\"wp-block-image size-full is-resized has-custom-border\"><img loading=\"lazy\" decoding=\"async\" width=\"754\" height=\"565\" src=\"https:\/\/mdd-engineering.com\/wp-content\/uploads\/2025\/03\/9.jpg\" alt=\"\" class=\"wp-image-225\" style=\"border-width:3px;border-bottom-left-radius:100px;border-bottom-right-radius:100px;width:925px;height:auto\" srcset=\"https:\/\/mdd-engineering.com\/wp-content\/uploads\/2025\/03\/9.jpg 754w, https:\/\/mdd-engineering.com\/wp-content\/uploads\/2025\/03\/9-300x225.jpg 300w, https:\/\/mdd-engineering.com\/wp-content\/uploads\/2025\/03\/9-16x12.jpg 16w\" sizes=\"auto, (max-width: 754px) 100vw, 754px\" \/><\/figure>\n<\/div>\n\n\n\n<div style=\"height:100px\" aria-hidden=\"true\" class=\"wp-block-spacer\"><\/div>","protected":false},"excerpt":{"rendered":"<p>2022, WORLDWIDE GAS S.R.L. Our cornerstone on process improvement is teamwork and cross-functional team involvement and continuous observation of the impact of LEAN manufacturing KATA\u2019s in operations efficiency and stakeholder satisfaction. GEMBA walks, regular KAIZEN events to review the value streams and constant monitoring of key performance indicators are part of our daily activities.<\/p>","protected":false},"author":2,"featured_media":0,"parent":0,"menu_order":0,"comment_status":"closed","ping_status":"closed","template":"page-no-title","meta":{"footnotes":""},"class_list":["post-143","page","type-page","status-publish","hentry"],"_links":{"self":[{"href":"https:\/\/mdd-engineering.com\/ro\/wp-json\/wp\/v2\/pages\/143","targetHints":{"allow":["GET"]}}],"collection":[{"href":"https:\/\/mdd-engineering.com\/ro\/wp-json\/wp\/v2\/pages"}],"about":[{"href":"https:\/\/mdd-engineering.com\/ro\/wp-json\/wp\/v2\/types\/page"}],"author":[{"embeddable":true,"href":"https:\/\/mdd-engineering.com\/ro\/wp-json\/wp\/v2\/users\/2"}],"replies":[{"embeddable":true,"href":"https:\/\/mdd-engineering.com\/ro\/wp-json\/wp\/v2\/comments?post=143"}],"version-history":[{"count":22,"href":"https:\/\/mdd-engineering.com\/ro\/wp-json\/wp\/v2\/pages\/143\/revisions"}],"predecessor-version":[{"id":307,"href":"https:\/\/mdd-engineering.com\/ro\/wp-json\/wp\/v2\/pages\/143\/revisions\/307"}],"wp:attachment":[{"href":"https:\/\/mdd-engineering.com\/ro\/wp-json\/wp\/v2\/media?parent=143"}],"curies":[{"name":"wp","href":"https:\/\/api.w.org\/{rel}","templated":true}]}}