{"id":146,"date":"2025-02-19T19:01:53","date_gmt":"2025-02-19T19:01:53","guid":{"rendered":"https:\/\/mdd-engineering.com\/?page_id=146"},"modified":"2025-07-18T08:18:47","modified_gmt":"2025-07-18T08:18:47","slug":"project-management","status":"publish","type":"page","link":"https:\/\/mdd-engineering.com\/ro\/project-management\/","title":{"rendered":"Management de proiect"},"content":{"rendered":"<div style=\"height:100px\" aria-hidden=\"true\" class=\"wp-block-spacer\"><\/div>\n\n\n\n<div class=\"wp-block-group alignwide is-nowrap is-layout-flex wp-container-core-group-is-layout-6c531013 wp-block-group-is-layout-flex\">\n<div class=\"wp-block-cover has-base-color has-text-color has-link-color wp-elements-d0ab3446a04a094d110d5cc044f3f3a6\" style=\"min-height:543px;aspect-ratio:unset;\"><img loading=\"lazy\" decoding=\"async\" width=\"1730\" height=\"1303\" class=\"wp-block-cover__image-background wp-image-228\" alt=\"\" src=\"https:\/\/mdd-engineering.com\/wp-content\/uploads\/2025\/03\/12.jpg\" data-object-fit=\"cover\" srcset=\"https:\/\/mdd-engineering.com\/wp-content\/uploads\/2025\/03\/12.jpg 1730w, https:\/\/mdd-engineering.com\/wp-content\/uploads\/2025\/03\/12-300x226.jpg 300w, https:\/\/mdd-engineering.com\/wp-content\/uploads\/2025\/03\/12-1024x771.jpg 1024w, https:\/\/mdd-engineering.com\/wp-content\/uploads\/2025\/03\/12-768x578.jpg 768w, https:\/\/mdd-engineering.com\/wp-content\/uploads\/2025\/03\/12-1536x1157.jpg 1536w, https:\/\/mdd-engineering.com\/wp-content\/uploads\/2025\/03\/12-16x12.jpg 16w\" sizes=\"auto, (max-width: 1730px) 100vw, 1730px\" \/><span aria-hidden=\"true\" class=\"wp-block-cover__background has-accent-3-background-color has-background-dim-70 has-background-dim\"><\/span><div class=\"wp-block-cover__inner-container is-layout-flow wp-block-cover-is-layout-flow\">\n<h2 class=\"wp-block-heading has-x-large-font-size\"><strong>Management de proiect<\/strong><\/h2>\n\n\n\n<p><strong>Transformarea unui plan sau a unei idei \u00een realitate \u00een atelierul sau depozitul t\u0103u necesit\u0103 capacitatea \u0219i cuno\u0219tin\u021bele necesare pentru a construi un plan de proiect semnificativ \u0219i gestionarea resurselor bugetate pentru a ob\u021bine maximum de beneficii posibile. Urm\u0103rirea riguroas\u0103, \u00eendrumarea regulat\u0103 \u0219i atenuarea abaterilor \u0219i raportarea coerent\u0103 a progreselor c\u0103tre p\u0103r\u021bile interesate sunt beneficiile oferite clien\u021bilor no\u0219tri. Expertiza noastr\u0103 a fost construit\u0103 pe mul\u021bi ani de abordare practic\u0103 a managementului proiectelor majore care implic\u0103 proiectarea, fabricarea \u0219i livrarea de ma\u0219ini grele de manipulare a materialelor.<\/strong><\/p>\n\n\n\n<p><strong>Impreuna cu partenerii \u0219i colaboratorii no\u0219tri, ne asum\u0103m responsabilitatea de a duce treaba la bun sf\u00e2r\u0219it.<\/strong><\/p>\n\n\n\n<p><strong>Sometimes, creating your management team is a task consuming lot of time which might become critical whilst the orders are there, your operational structure needs to be consolidated and managed and your clients are waiting\u2026 &nbsp;We are available to support you by offering interim management services, both for general administration or operations management<\/strong>. <\/p>\n\n\n\n<p><\/p>\n<\/div><\/div>\n<\/div>\n\n\n\n<div style=\"height:0px\" aria-hidden=\"true\" class=\"wp-block-spacer\"><\/div>\n\n\n\n<p><\/p>\n\n\n\n<h2 class=\"wp-block-heading alignwide is-style-text-subtitle has-large-font-size is-style-text-subtitle--1\"><strong>Interim management<\/strong><\/h2>\n\n\n\n<div class=\"wp-block-group alignwide has-global-padding is-layout-constrained wp-block-group-is-layout-constrained\">\n<details class=\"wp-block-details alignwide is-layout-flow wp-block-details-is-layout-flow\"><summary>Incepand din aprilie 2025, am inceput un parteneriat cu o companie in plina dezvoltare, specializata in <strong>debitare laser, indoire CNC si sudura<\/strong> pentru a ajuta la cresterea performatei operationale si a proceselor de fabricatie<\/summary>\n<p>Directiile principale de imbunatatire sunt:<\/p>\n\n\n\n<figure class=\"wp-block-gallery has-nested-images columns-default is-cropped wp-block-gallery-2 is-layout-flex wp-block-gallery-is-layout-flex\">\n<figure class=\"wp-block-image size-large\"><img loading=\"lazy\" decoding=\"async\" width=\"1024\" height=\"577\" data-id=\"322\" src=\"https:\/\/mdd-engineering.com\/wp-content\/uploads\/2025\/07\/20250524_082348-1024x577.jpg\" alt=\"\" class=\"wp-image-322\" srcset=\"https:\/\/mdd-engineering.com\/wp-content\/uploads\/2025\/07\/20250524_082348-1024x577.jpg 1024w, https:\/\/mdd-engineering.com\/wp-content\/uploads\/2025\/07\/20250524_082348-300x169.jpg 300w, https:\/\/mdd-engineering.com\/wp-content\/uploads\/2025\/07\/20250524_082348-768x432.jpg 768w, https:\/\/mdd-engineering.com\/wp-content\/uploads\/2025\/07\/20250524_082348-1536x865.jpg 1536w, https:\/\/mdd-engineering.com\/wp-content\/uploads\/2025\/07\/20250524_082348-2048x1153.jpg 2048w, https:\/\/mdd-engineering.com\/wp-content\/uploads\/2025\/07\/20250524_082348-18x10.jpg 18w\" sizes=\"auto, (max-width: 1024px) 100vw, 1024px\" \/><\/figure>\n\n\n\n<figure class=\"wp-block-image size-large\"><img loading=\"lazy\" decoding=\"async\" width=\"1024\" height=\"577\" data-id=\"323\" src=\"https:\/\/mdd-engineering.com\/wp-content\/uploads\/2025\/07\/20250524_082339-1024x577.jpg\" alt=\"PREPARATION FOR APPLYING FLOOR MARKING\" class=\"wp-image-323\" srcset=\"https:\/\/mdd-engineering.com\/wp-content\/uploads\/2025\/07\/20250524_082339-1024x577.jpg 1024w, https:\/\/mdd-engineering.com\/wp-content\/uploads\/2025\/07\/20250524_082339-300x169.jpg 300w, https:\/\/mdd-engineering.com\/wp-content\/uploads\/2025\/07\/20250524_082339-768x432.jpg 768w, https:\/\/mdd-engineering.com\/wp-content\/uploads\/2025\/07\/20250524_082339-1536x865.jpg 1536w, https:\/\/mdd-engineering.com\/wp-content\/uploads\/2025\/07\/20250524_082339-2048x1153.jpg 2048w, https:\/\/mdd-engineering.com\/wp-content\/uploads\/2025\/07\/20250524_082339-18x10.jpg 18w\" sizes=\"auto, (max-width: 1024px) 100vw, 1024px\" \/><\/figure>\n\n\n\n<figure class=\"wp-block-image size-large\"><img loading=\"lazy\" decoding=\"async\" width=\"1024\" height=\"577\" data-id=\"324\" src=\"https:\/\/mdd-engineering.com\/wp-content\/uploads\/2025\/07\/20250524_082353-1024x577.jpg\" alt=\"PREPARATION FOR APPLYING FLOOR MARKING\" class=\"wp-image-324\" srcset=\"https:\/\/mdd-engineering.com\/wp-content\/uploads\/2025\/07\/20250524_082353-1024x577.jpg 1024w, https:\/\/mdd-engineering.com\/wp-content\/uploads\/2025\/07\/20250524_082353-300x169.jpg 300w, https:\/\/mdd-engineering.com\/wp-content\/uploads\/2025\/07\/20250524_082353-768x432.jpg 768w, https:\/\/mdd-engineering.com\/wp-content\/uploads\/2025\/07\/20250524_082353-1536x865.jpg 1536w, https:\/\/mdd-engineering.com\/wp-content\/uploads\/2025\/07\/20250524_082353-2048x1153.jpg 2048w, https:\/\/mdd-engineering.com\/wp-content\/uploads\/2025\/07\/20250524_082353-18x10.jpg 18w\" sizes=\"auto, (max-width: 1024px) 100vw, 1024px\" \/><\/figure>\n<\/figure>\n\n\n\n<p class=\"has-large-font-size\"><strong>Optimizarea layout-ului si a eficientei fluxului<\/strong><\/p>\n\n\n\n<ul class=\"wp-block-list\">\n<li>Re-proiectarea layout-ului atelierelor utilizand <strong>principiile<\/strong> LEAN<\/li>\n<\/ul>\n\n\n\n<ul class=\"wp-block-list\">\n<li>Introducerea <strong>marcajelor KANBAN<\/strong> pentru a limita productia in curs de executie<\/li>\n<\/ul>\n\n\n\n<ul class=\"wp-block-list\">\n<li>Reducerea <strong>timpului de transport<\/strong> si a distantelor intre fazele de executie<\/li>\n<\/ul>\n\n\n\n<p><strong>Revizuirea procesului de ofertare si standardizarea documentatiei<\/strong><\/p>\n\n\n\n<ul class=\"wp-block-list\">\n<li>Integrarea informatiilor CAD in logica de ofertare<\/li>\n\n\n\n<li>Standardizarea denumirii fisierelor si a componentelor, a indicilor de revizie  si crearea de baze de date pentru a reducea dificultatile de comunicare si a tranzitiona catre decizii luate pe baza analizai datelor<\/li>\n\n\n\n<li>Crearea foilor de calcul standardizat pentru ofertare<\/li>\n<\/ul>\n\n\n\n<p><strong>Comunicarea la nivelul atelierului de productie si trasabilitate<\/strong><\/p>\n\n\n\n<ul class=\"wp-block-list\">\n<li>Standardizare adocumentatiei  - urmarirea comenzilor si instructiuni de lucru<\/li>\n\n\n\n<li>Etichetarea si marcarea pieselor pentru a identifica loturi, operatiuni si parcurs tehnologic<\/li>\n\n\n\n<li>Cresterea constientizarii privind siguranta in munca<\/li>\n<\/ul>\n<\/details>\n<\/div>\n\n\n\n<p><br><br><\/p>\n\n\n\n<p><\/p>\n\n\n\n<figure class=\"wp-block-image alignwide size-large\"><img loading=\"lazy\" decoding=\"async\" width=\"1024\" height=\"434\" src=\"https:\/\/mdd-engineering.com\/wp-content\/uploads\/2025\/07\/20250616_130653-1024x434.jpg\" alt=\"5S - COLOR CODING\" class=\"wp-image-326\" srcset=\"https:\/\/mdd-engineering.com\/wp-content\/uploads\/2025\/07\/20250616_130653-1024x434.jpg 1024w, https:\/\/mdd-engineering.com\/wp-content\/uploads\/2025\/07\/20250616_130653-300x127.jpg 300w, https:\/\/mdd-engineering.com\/wp-content\/uploads\/2025\/07\/20250616_130653-768x325.jpg 768w, https:\/\/mdd-engineering.com\/wp-content\/uploads\/2025\/07\/20250616_130653-1536x651.jpg 1536w, https:\/\/mdd-engineering.com\/wp-content\/uploads\/2025\/07\/20250616_130653-2048x867.jpg 2048w, https:\/\/mdd-engineering.com\/wp-content\/uploads\/2025\/07\/20250616_130653-18x8.jpg 18w\" sizes=\"auto, (max-width: 1024px) 100vw, 1024px\" \/><\/figure>","protected":false},"excerpt":{"rendered":"<p>Interim management<\/p>","protected":false},"author":2,"featured_media":0,"parent":0,"menu_order":0,"comment_status":"closed","ping_status":"closed","template":"page-no-title","meta":{"footnotes":""},"class_list":["post-146","page","type-page","status-publish","hentry"],"_links":{"self":[{"href":"https:\/\/mdd-engineering.com\/ro\/wp-json\/wp\/v2\/pages\/146","targetHints":{"allow":["GET"]}}],"collection":[{"href":"https:\/\/mdd-engineering.com\/ro\/wp-json\/wp\/v2\/pages"}],"about":[{"href":"https:\/\/mdd-engineering.com\/ro\/wp-json\/wp\/v2\/types\/page"}],"author":[{"embeddable":true,"href":"https:\/\/mdd-engineering.com\/ro\/wp-json\/wp\/v2\/users\/2"}],"replies":[{"embeddable":true,"href":"https:\/\/mdd-engineering.com\/ro\/wp-json\/wp\/v2\/comments?post=146"}],"version-history":[{"count":10,"href":"https:\/\/mdd-engineering.com\/ro\/wp-json\/wp\/v2\/pages\/146\/revisions"}],"predecessor-version":[{"id":331,"href":"https:\/\/mdd-engineering.com\/ro\/wp-json\/wp\/v2\/pages\/146\/revisions\/331"}],"wp:attachment":[{"href":"https:\/\/mdd-engineering.com\/ro\/wp-json\/wp\/v2\/media?parent=146"}],"curies":[{"name":"wp","href":"https:\/\/api.w.org\/{rel}","templated":true}]}}