{"id":73,"date":"2025-02-08T07:18:48","date_gmt":"2025-02-08T07:18:48","guid":{"rendered":"https:\/\/mdd-engineering.com\/?page_id=73"},"modified":"2025-07-14T19:46:42","modified_gmt":"2025-07-14T19:46:42","slug":"home","status":"publish","type":"page","link":"https:\/\/mdd-engineering.com\/ro\/","title":{"rendered":"Acas\u0103"},"content":{"rendered":"<div class=\"wp-block-columns is-layout-flex wp-container-core-columns-is-layout-3c19b1c5 wp-block-columns-is-layout-flex\" style=\"margin-top:var(--wp--preset--spacing--70);margin-bottom:var(--wp--preset--spacing--70)\">\n<div class=\"wp-block-column is-layout-flow wp-block-column-is-layout-flow\" style=\"flex-basis:65%\">\n<div class=\"wp-block-group is-vertical is-content-justification-stretch is-layout-flex wp-container-core-group-is-layout-353c4f5a wp-block-group-is-layout-flex\">\n<h2 class=\"wp-block-heading has-text-align-left is-style-text-display has-base-color has-text-color has-link-color wp-elements-6decec1a20f2f8a79f472fcdc5b0fff2 is-style-text-display--1\" style=\"font-size:clamp(1.25rem, 1.25rem + ((1vw - 0.2rem) * 1.176), 2rem);font-style:normal;font-weight:300;letter-spacing:-0.03em;line-height:1.3\">Bine ati venit pe<\/h2>\n\n\n\n<p class=\"is-style-text-subtitle has-accent-1-color has-text-color has-link-color wp-elements-79246c524d94d9b012492f7fc3d72658 is-style-text-subtitle--2\">MDD-ENGINEERING.COM<\/p>\n\n\n\n<p>SITE-UL WEB<\/p>\n\n\n\n<p>DINCA MARIN-DANUT P.F.A.<\/p>\n\n\n\n<p>COMERCIANT UNIC \u00ceNREGISTRAT PENTRU SERVICII DE INGINERIE \u0218I MANAGEMENT<\/p>\n\n\n\n<p class=\"is-style-text-subtitle is-style-text-subtitle--3\">Din 2021<\/p>\n<\/div>\n<\/div>\n\n\n\n<div class=\"wp-block-column is-layout-flow wp-block-column-is-layout-flow\" style=\"flex-basis:35%\">\n<div class=\"wp-block-group is-vertical is-content-justification-stretch is-nowrap is-layout-flex wp-container-core-group-is-layout-73b0033c wp-block-group-is-layout-flex\">\n<figure class=\"wp-block-image size-full has-custom-border\"><img loading=\"lazy\" decoding=\"async\" width=\"211\" height=\"202\" src=\"https:\/\/mdd-engineering.com\/wp-content\/uploads\/2025\/02\/1.png\" alt=\"\" class=\"wp-image-15\" style=\"border-width:3px;border-radius:10px;aspect-ratio:3\/4;object-fit:cover\"\/><\/figure>\n\n\n\n<p class=\"has-text-align-right has-base-color has-text-color has-link-color has-x-large-font-size wp-elements-04cc1cf1e87c87e55ecc0f00855bfcd3\" style=\"line-height:1.2\"><a href=\"https:\/\/www.linkedin.com\/in\/marin-danut-dinca-0956107\/\" target=\"_blank\" rel=\"noreferrer noopener\">LinkedIn<\/a><\/p>\n<\/div>\n<\/div>\n<\/div>\n\n\n\n<p>Suntem specializa\u021bi \u00een furnizarea de solu\u021bii personalizate de inginerie mecanic\u0103 \u0219i optimizare a produc\u021biei \u00een \u00eentreaga Europ\u0103. Cu peste 30 de ani de experien\u021b\u0103 \u00een proiectarea CAD\/CAE, fabricarea si instalarea sistemelor de transport, produc\u021bie lean si management de operatiuni, sprijinim companiile \u00een \u00eembun\u0103t\u0103\u021birea eficien\u021bei opera\u021bionale \u0219i a performan\u021bei tehnice. <\/p>\n\n\n\n<p>Indiferent dac\u0103 construi\u021bi o nou\u0103 linie de produc\u021bie sau moderniza\u021bi sistemele existente de manipulare a materialelor, oferim asisten\u021b\u0103 de specialitate de la concept p\u00e2n\u0103 la punerea \u00een func\u021biune.<\/p>\n\n\n\n<p>Permite\u021bi-ne s\u0103 v\u0103 ajut\u0103m s\u0103 v\u0103 eficientiza\u021bi procesele \u0219i s\u0103 v\u0103 cre\u0219tem productivitatea cu solu\u021bii de inginerie personalizate \u0219i rentabile.<\/p>","protected":false},"excerpt":{"rendered":"<p>Welcome on MDD-ENGINEERING.COM WEBSITE OF THE DINCA MARIN-DANUT P.F.A. SOLE REGISTERED TRADER FOR ENGINEERING AND MANAGEMENT SERVICES Since 2021 LinkedIn We are specialized in delivering tailored mechanical engineering and production optimization solutions across Europe. With over 30 years of experience in CAD\/CAE design, fabrication and installation of conveying systems, lean manufacturing and operations management, we [&hellip;]<\/p>\n","protected":false},"author":2,"featured_media":0,"parent":0,"menu_order":0,"comment_status":"closed","ping_status":"closed","template":"homepage_mdd","meta":{"footnotes":""},"class_list":["post-73","page","type-page","status-publish","hentry"],"_links":{"self":[{"href":"https:\/\/mdd-engineering.com\/ro\/wp-json\/wp\/v2\/pages\/73","targetHints":{"allow":["GET"]}}],"collection":[{"href":"https:\/\/mdd-engineering.com\/ro\/wp-json\/wp\/v2\/pages"}],"about":[{"href":"https:\/\/mdd-engineering.com\/ro\/wp-json\/wp\/v2\/types\/page"}],"author":[{"embeddable":true,"href":"https:\/\/mdd-engineering.com\/ro\/wp-json\/wp\/v2\/users\/2"}],"replies":[{"embeddable":true,"href":"https:\/\/mdd-engineering.com\/ro\/wp-json\/wp\/v2\/comments?post=73"}],"version-history":[{"count":15,"href":"https:\/\/mdd-engineering.com\/ro\/wp-json\/wp\/v2\/pages\/73\/revisions"}],"predecessor-version":[{"id":317,"href":"https:\/\/mdd-engineering.com\/ro\/wp-json\/wp\/v2\/pages\/73\/revisions\/317"}],"wp:attachment":[{"href":"https:\/\/mdd-engineering.com\/ro\/wp-json\/wp\/v2\/media?parent=73"}],"curies":[{"name":"wp","href":"https:\/\/api.w.org\/{rel}","templated":true}]}}